{"id":14501,"date":"2025-06-25T20:48:33","date_gmt":"2025-06-25T20:48:33","guid":{"rendered":"https:\/\/intranet.cajaviviendapopular.gov.co\/?page_id=14501"},"modified":"2025-08-14T14:38:28","modified_gmt":"2025-08-14T14:38:28","slug":"sello-distrital-de-igualdad-de-genero","status":"publish","type":"page","link":"https:\/\/intranet.cajaviviendapopular.gov.co\/index.php\/sello-distrital-de-igualdad-de-genero\/","title":{"rendered":"Sello Distrital de Igualdad de G\u00e9nero"},"content":{"rendered":"\n<figure class=\"wp-block-gallery has-nested-images columns-default is-cropped wp-block-gallery-1 is-layout-flex\">\n<figure class=\"wp-block-image size-full\"><img decoding=\"async\" loading=\"lazy\" width=\"1536\" height=\"864\" data-id=\"14698\"  src=\"https:\/\/intranet.cajaviviendapopular.gov.co\/wp-content\/uploads\/2025\/08\/Enfoque-de-genero-Agosto-.png\" alt=\"\" class=\"wp-image-14698\" srcset=\"https:\/\/intranet.cajaviviendapopular.gov.co\/wp-content\/uploads\/2025\/08\/Enfoque-de-genero-Agosto-.png 1536w, https:\/\/intranet.cajaviviendapopular.gov.co\/wp-content\/uploads\/2025\/08\/Enfoque-de-genero-Agosto--300x169.png 300w, https:\/\/intranet.cajaviviendapopular.gov.co\/wp-content\/uploads\/2025\/08\/Enfoque-de-genero-Agosto--1024x576.png 1024w, https:\/\/intranet.cajaviviendapopular.gov.co\/wp-content\/uploads\/2025\/08\/Enfoque-de-genero-Agosto--768x432.png 768w\" sizes=\"(max-width: 1536px) 100vw, 1536px\" \/><\/figure>\n<\/figure>\n\n\n\n<ul>\n<li>El Sello para las entidades de la Administraci\u00f3n Distrital nos permite reconocer, medir e incentivar el avance de la transformaci\u00f3n de la gesti\u00f3n p\u00fablica en pro de la igualdad de g\u00e9nero en Bogot\u00e1.<\/li>\n\n\n\n<li>Tambi\u00e9n brindamos un reconocimiento al sector privado y mixto, as\u00ed como a las Corporaciones P\u00fablicas de Elecci\u00f3n Popular por su compromiso con el cierre de brechas de g\u00e9nero.<\/li>\n<\/ul>\n\n\n\n<p>En Igualdad: Sello Distrital de Igualdad de G\u00e9nero\u201d es un mecanismo t\u00e9cnico que permite reconocer, medir e incentivar el avance de la adecuaci\u00f3n y transformaci\u00f3n de la cultura institucional en el Distrito Capital en pro de la igualdad de g\u00e9nero y la garant\u00eda de los derechos de las mujeres y su autonom\u00eda, as\u00ed como promover el compromiso del sector privado y mixto con el cierre de brechas de g\u00e9nero, fue institucionalizado por Decreto Distrital 581 del 2023. Con\u00f3celo aqu\u00ed: <a href=\"https:\/\/www.alcaldiabogota.gov.co\/sisjur\/normas\/Norma1.jsp?i=151937\">Decreto 581 de 2023 Alcald\u00eda Mayor de Bogot\u00e1, D.C.<\/a><\/p>\n\n\n\n<p class=\"has-white-color has-vivid-purple-background-color has-text-color has-background\">L\u00edneas de trabajo<br>El mecanismo se implementa a trav\u00e9s de dos l\u00edneas de trabajo:<\/p>\n\n\n\n<ol>\n<li>Sector p\u00fablico: Diagnosticamos, planeamos, medimos y ranqueamos para reconocer el avance de las entidades Distritales. Todos los instrumentos fueron dise\u00f1ados tomando como referencia el Modelo Integrado de Planeaci\u00f3n y Gesti\u00f3n \u2013 MIPG para impulsar una gesti\u00f3n p\u00fablica con enfoque de g\u00e9nero.<\/li>\n\n\n\n<li>Sector privado y mixto: Incentivamos el compromiso del sector privado con el cierre de brechas entre hombres y mujeres, para ello brindamos un Cat\u00e1logo de herramientas autogestionables para la transversalizaci\u00f3n de los enfoques de g\u00e9nero y derechos de las mujeres y se entrega una insignia de reconocimiento.<\/li>\n<\/ol>\n\n\n\n<p>Las vidas de las mujeres de&nbsp;Bogot\u00e1 est\u00e1n cambiando. Y es&nbsp;un hecho poderoso. Nos la jugamos por las mujeres, en todos los sectores, en todas las entidades, para romper esas brechas visibles e invisibles que hist\u00f3ricamente han menguado la posibilidad de las mujeres de vivir en plenitud.<\/p>\n\n\n\n<p>Para ello la Secretar\u00eda Distrital de la Mujer est\u00e1 implementando el mecanismo&nbsp;\u201cEn Igualdad: Sello Distrital de Igualdad de G\u00e9nero\u201d&nbsp;con el prop\u00f3sito de avanzar como Distrito frente a la garant\u00eda de los derechos de las mujeres, para que puedan vivir con autonom\u00eda, libres de violencias y con las mismas oportunidades.&nbsp;Vivir en igualdad.<\/p>\n\n\n\n<div class=\"wp-block-media-text alignwide is-stacked-on-mobile\"><figure class=\"wp-block-media-text__media\"><img decoding=\"async\" loading=\"lazy\" width=\"733\" height=\"728\" src=\"https:\/\/intranet.cajaviviendapopular.gov.co\/wp-content\/uploads\/2025\/06\/Sello-de-Igualdad-de-Genero-que-otorga-la-Secretaria-de-la-Mujer.png\" alt=\"\" class=\"wp-image-14507 size-full\" srcset=\"https:\/\/intranet.cajaviviendapopular.gov.co\/wp-content\/uploads\/2025\/06\/Sello-de-Igualdad-de-Genero-que-otorga-la-Secretaria-de-la-Mujer.png 733w, https:\/\/intranet.cajaviviendapopular.gov.co\/wp-content\/uploads\/2025\/06\/Sello-de-Igualdad-de-Genero-que-otorga-la-Secretaria-de-la-Mujer-300x298.png 300w, https:\/\/intranet.cajaviviendapopular.gov.co\/wp-content\/uploads\/2025\/06\/Sello-de-Igualdad-de-Genero-que-otorga-la-Secretaria-de-la-Mujer-150x150.png 150w\" sizes=\"(max-width: 733px) 100vw, 733px\" \/><\/figure><div class=\"wp-block-media-text__content\">\n<p>El Sello Distrital de Igualdad de G\u00e9nero &#8220;En Igualdad&#8221; es una iniciativa de la Secretar\u00eda Distrital de la Mujer de Bogot\u00e1 para reconocer y promover la igualdad de g\u00e9nero en entidades p\u00fablicas y privadas.&nbsp;Este sello eval\u00faa y reconoce las acciones positivas que transforman la cultura institucional y mejoran la vida de las mujeres, tanto en el sector p\u00fablico como en el privado.&nbsp;<\/p>\n<\/div><\/div>\n","protected":false},"excerpt":{"rendered":"<p>En Igualdad: Sello Distrital de Igualdad de G\u00e9nero\u201d es un mecanismo t\u00e9cnico que permite reconocer, medir e incentivar el avance de la adecuaci\u00f3n y transformaci\u00f3n &hellip; <\/p>\n","protected":false},"author":1,"featured_media":0,"parent":0,"menu_order":0,"comment_status":"closed","ping_status":"closed","template":"","meta":[],"_links":{"self":[{"href":"https:\/\/intranet.cajaviviendapopular.gov.co\/index.php\/wp-json\/wp\/v2\/pages\/14501"}],"collection":[{"href":"https:\/\/intranet.cajaviviendapopular.gov.co\/index.php\/wp-json\/wp\/v2\/pages"}],"about":[{"href":"https:\/\/intranet.cajaviviendapopular.gov.co\/index.php\/wp-json\/wp\/v2\/types\/page"}],"author":[{"embeddable":true,"href":"https:\/\/intranet.cajaviviendapopular.gov.co\/index.php\/wp-json\/wp\/v2\/users\/1"}],"replies":[{"embeddable":true,"href":"https:\/\/intranet.cajaviviendapopular.gov.co\/index.php\/wp-json\/wp\/v2\/comments?post=14501"}],"version-history":[{"count":3,"href":"https:\/\/intranet.cajaviviendapopular.gov.co\/index.php\/wp-json\/wp\/v2\/pages\/14501\/revisions"}],"predecessor-version":[{"id":14699,"href":"https:\/\/intranet.cajaviviendapopular.gov.co\/index.php\/wp-json\/wp\/v2\/pages\/14501\/revisions\/14699"}],"wp:attachment":[{"href":"https:\/\/intranet.cajaviviendapopular.gov.co\/index.php\/wp-json\/wp\/v2\/media?parent=14501"}],"curies":[{"name":"wp","href":"https:\/\/api.w.org\/{rel}","templated":true}]}}